{"id":222,"date":"2017-04-11T19:49:02","date_gmt":"2017-04-11T21:49:02","guid":{"rendered":"https:\/\/www.conversasdocoracao.com.br\/blog\/?page_id=222"},"modified":"2021-03-02T10:24:08","modified_gmt":"2021-03-02T13:24:08","slug":"sobre-a-autora","status":"publish","type":"page","link":"https:\/\/www.conversasdocoracao.com.br\/blog\/sobre-a-autora\/","title":{"rendered":"Sobre a Autora"},"content":{"rendered":"<p><img loading=\"lazy\" class=\"aligncenter size-medium wp-image-710\" src=\"https:\/\/www.conversasdocoracao.com.br\/blog\/wp-content\/uploads\/2018\/11\/image1-300x300.jpg\" alt=\"\" width=\"300\" height=\"300\" srcset=\"https:\/\/www.conversasdocoracao.com.br\/blog\/wp-content\/uploads\/2018\/11\/image1-300x300.jpg 300w, https:\/\/www.conversasdocoracao.com.br\/blog\/wp-content\/uploads\/2018\/11\/image1-150x150.jpg 150w, https:\/\/www.conversasdocoracao.com.br\/blog\/wp-content\/uploads\/2018\/11\/image1.jpg 341w\" sizes=\"(max-width: 300px) 85vw, 300px\" \/><\/p>\n<p>Leila \u00e9 psicoterapeuta reicheana e ainda n\u00e3o perdeu o interesse, em descobrir novos caminhos.<\/p>\n<p>Este blog, n\u00e3o tem car\u00e1ter de tratamento! O objetivo deste trabalho \u00e9 transmitir hist\u00f3rias emocionais, algumas ver\u00eddicas, outras veross\u00edmeis, com conflitos e poss\u00edveis buscas de solu\u00e7\u00f5es. Pode ser que voce se encontre em algumas delas! Elas nasceram do cora\u00e7\u00e3o! As hist\u00f3rias humanas, s\u00e3o sempre marcadas por profundas emo\u00e7\u00f5es.<\/p>\n<p>Muitas vezes, deixam registros em nosso corpo f\u00edsico ou ps\u00edquico, com marcas dolorosas! Ao longo da minha experi\u00eancia cl\u00ednica, senti necessidade de converter em textos,&#8221;( queixas, dores,l\u00e1grimas, risos&#8221;), com a finalidade, de tentar transmitir, como funcionam os conflitos no ser humano. Quando estamos imersos na ang\u00fastia, a gente pode se sentir sem sa\u00edda , quando na realidade a resolu\u00e7\u00e3o, pode estar muito pr\u00f3xima! Os textos expressam isso!<\/p>\n<p>Importante ressaltar, que, conflitos intensos, consomem muita energia, desiquilibrando o nosso sistema corporal. Se voc\u00ea puder ler e sentir, ser\u00e1 bom! Se conseguir se auto ajudar. melhor ainda! Se n\u00e3o significar nada pra voc\u00ea, ainda assim, valeu a pena ! De algum jeito foram registrados pelos seus sentidos! Muito envolvida com o ser humano, em sua ess\u00eancia, desenvolvi um olhar direcionado, \u00e0s diversas formas de como &#8220;educar&#8221;, sem causar tantos danos!<\/p>\n<p>Tenho presenciado, como esse tema \u00e9 praticado, de jeitos t\u00e3o diferentes, muitas vezes violentos, alterando o equil\u00edbrio energ\u00e9tico da crian\u00e7a e do futuro adulto. Me proponho discutir d\u00favidas relacionadas \u00e0 educa\u00e7\u00e3o, sem focar o indiv\u00edduo e sim a quest\u00e3o, diante de um olhar global sobre o ser humano!<\/p>\n","protected":false},"excerpt":{"rendered":"<p>Leila \u00e9 psicoterapeuta reicheana e ainda n\u00e3o perdeu o interesse, em descobrir novos caminhos. Este blog, n\u00e3o tem car\u00e1ter de tratamento! O objetivo deste trabalho \u00e9 transmitir hist\u00f3rias emocionais, algumas ver\u00eddicas, outras veross\u00edmeis, com conflitos e poss\u00edveis buscas de solu\u00e7\u00f5es. Pode ser que voce se encontre em algumas delas! Elas nasceram do cora\u00e7\u00e3o! As hist\u00f3rias &hellip; <a href=\"https:\/\/www.conversasdocoracao.com.br\/blog\/sobre-a-autora\/\" class=\"more-link\">Continue lendo<span class=\"screen-reader-text\"> &#8220;Sobre a Autora&#8221;<\/span><\/a><\/p>\n","protected":false},"author":1,"featured_media":0,"parent":0,"menu_order":0,"comment_status":"closed","ping_status":"closed","template":"","meta":[],"_links":{"self":[{"href":"https:\/\/www.conversasdocoracao.com.br\/blog\/wp-json\/wp\/v2\/pages\/222"}],"collection":[{"href":"https:\/\/www.conversasdocoracao.com.br\/blog\/wp-json\/wp\/v2\/pages"}],"about":[{"href":"https:\/\/www.conversasdocoracao.com.br\/blog\/wp-json\/wp\/v2\/types\/page"}],"author":[{"embeddable":true,"href":"https:\/\/www.conversasdocoracao.com.br\/blog\/wp-json\/wp\/v2\/users\/1"}],"replies":[{"embeddable":true,"href":"https:\/\/www.conversasdocoracao.com.br\/blog\/wp-json\/wp\/v2\/comments?post=222"}],"version-history":[{"count":14,"href":"https:\/\/www.conversasdocoracao.com.br\/blog\/wp-json\/wp\/v2\/pages\/222\/revisions"}],"predecessor-version":[{"id":239,"href":"https:\/\/www.conversasdocoracao.com.br\/blog\/wp-json\/wp\/v2\/pages\/222\/revisions\/239"}],"wp:attachment":[{"href":"https:\/\/www.conversasdocoracao.com.br\/blog\/wp-json\/wp\/v2\/media?parent=222"}],"curies":[{"name":"wp","href":"https:\/\/api.w.org\/{rel}","templated":true}]}}